{"id":139,"date":"2025-09-05T09:54:05","date_gmt":"2025-09-05T07:54:05","guid":{"rendered":"https:\/\/fed-ac.com\/?page_id=139"},"modified":"2026-04-03T14:10:43","modified_gmt":"2026-04-03T12:10:43","slug":"word-lid","status":"publish","type":"page","link":"https:\/\/fed-ac.com\/fr\/word-lid\/","title":{"rendered":"Devenir membre"},"content":{"rendered":"<p class=\"wp-block-paragraph\" id=\"isPasted\">Cher coll\u00e8gue,<\/p>\n\n\n\n<p class=\"wp-block-paragraph\">La FEDAC sort des starting-blocks ! Ensemble, nous construisons une coop\u00e9rative qui prot\u00e8ge et renforce la libre profession de m\u00e9decin g\u00e9n\u00e9raliste. Avec votre&nbsp;<strong>engagement&nbsp;<\/strong>faire partie d'une initiative ind\u00e9pendante qui remet la voix des m\u00e9decins g\u00e9n\u00e9ralistes au centre. La FEDAC cherchera activement \u00e0&nbsp;<strong>des ressources pour soutenir la pratique de chaque m\u00e9decin<\/strong>. Ainsi, la FEDAC contribue \u00e0 pr\u00e9venir l'\u00e9rosion et le transfert de nos fonctions essentielles vers d'autres professions de sant\u00e9.&nbsp;<\/p>\n\n\n\n<p class=\"wp-block-paragraph\">\u00c0 la demande de nos coop\u00e9rateurs, nous recherchons&nbsp;<strong>solutions<\/strong>&nbsp;comme un EMD interne, un soutien infirmier, une aide pour les pr\u00e9l\u00e8vements sanguins, le traitement des factures rejet\u00e9es, l'introduction de codes de transparence dans les pratiques et la recherche de subventions suppl\u00e9mentaires.<\/p>\n\n\n\n<p class=\"wp-block-paragraph\"><em><strong>Vous souhaitez devenir membre ?<\/strong><\/em> Laissez ensuite vos coordonn\u00e9es en cliquant sur le lien suivant : <a href=\"https:\/\/forms.office.com\/e\/3hCDY8vcSZ\"><strong>Devenir coop\u00e9rative de la FEDAC - Remplir le formulaire<\/strong><\/a> et compl\u00e9tez ensuite le paiement de votre part pour confirmer votre adh\u00e9sion : faire <strong>250\u20ac<\/strong> (valeur 1 action) transf\u00e9r\u00e9 \u00e0 <strong>BE53 0689 5795 5253<\/strong> d\u00e9clarant <strong>\u201cPartagez FEDAC\/COFEM + votre nom\u201d.\u201d<\/strong>. Ensuite, vous \u00eates officiellement membre de la Coop\u00e9rative des m\u00e9decins f\u00e9d\u00e9raux.<\/p>\n\n\n\n<p class=\"wp-block-paragraph\">Ensemble, nous sommes plus forts. Rejoignez la FEDAC et contribuez \u00e0 renforcer l'ind\u00e9pendance et le r\u00f4le central des m\u00e9decins dans les soins de sant\u00e9.<\/p>\n\n\n\n<p class=\"wp-block-paragraph\"><strong>FAQ<\/strong><\/p>\n\n\n\n<p class=\"wp-block-paragraph\"><strong>Recevrai-je une facture lorsque j'ach\u00e8terai une action ?<\/strong><br>Non. Lors de l'achat d'une action, vous recevrez&nbsp;<strong>pas de facture<\/strong>. Une action n'est pas un service ou un produit, mais une&nbsp;<strong>injection de capitaux<\/strong>&nbsp;dans une soci\u00e9t\u00e9 coop\u00e9rative.&nbsp;<\/p>\n\n\n\n<p class=\"wp-block-paragraph\"><strong>Pourquoi n'y a-t-il pas de facture ?<\/strong><br>Les factures sont \u00e9tablies pour des biens ou des services.<br>Une action repr\u00e9sente une&nbsp;<strong>titre de propri\u00e9t\u00e9<\/strong>&nbsp;dans la COFEM et ne rel\u00e8ve pas juridiquement et comptablement de la facturation. Lorsque vous avez votre&nbsp;<strong>L'action se vend<\/strong>, vous recevrez le&nbsp;<strong>d\u00e9p\u00f4t et plus-values<\/strong>&nbsp;retour.<\/p>\n\n\n\n<p class=\"wp-block-paragraph\"><strong>Qu'est-ce que j'obtiens comme preuve ?<\/strong><br>Vous recevrez un certificat ou un extrait d'eStox (registre des actions en ligne). Celui-ci est actuellement en cours de r\u00e9vision. Il s'agit de la preuve officielle de votre participation au capital.<\/p>\n\n\n\n<p class=\"wp-block-paragraph\"><strong>Puis-je transf\u00e9rer l'achat \u00e0 des fins fiscales ?<\/strong><br>L'achat d'une action est&nbsp;<strong>pas de frais professionnels<\/strong>&nbsp;et n'est donc pas d\u00e9ductible fiscalement. Il s'agit d'un investissement et non d'une d\u00e9pense.<\/p>","protected":false},"excerpt":{"rendered":"<p>Beste collega, FEDAC komt uit de startblokken! Samen bouwen we aan een co\u00f6peratieve die het vrije beroep van de huisarts beschermt en versterkt. Met uw&nbsp;engagement&nbsp;maakt u deel uit van een onafhankelijk initiatief dat de stem van de huisarts weer centraal plaatst. FEDAC zal actief zoeken naar&nbsp;middelen om de praktijk van elke arts te ondersteunen. Zo [&hellip;]<\/p>\n","protected":false},"author":248427171,"featured_media":0,"parent":0,"menu_order":0,"comment_status":"closed","ping_status":"closed","template":"","meta":{"_crdt_document":"{\"document\":\"AAAF897bbXVoCBKiYgECDAIBAgoCQgEASgAyAQIKAkIASgCEEAECCgJCAEoAiAkBAgoCQgBKALIQAQIKAkIASgC8BAECCgJCAEoAPAECCgJCAEoAkAkBAgoCQgBKALYLAQIKAkIASgCsBwECCgJCAEoAiwEoAycABAAnAAQAJwAoBCcAKAQnAAcAKAMnAQQAKAInAIcAKAMnAQQAKAEnAIcAKAMnAQQAKAEnAIcAKAMnAQQAKAEnAIcAKAMnAQQAKAEnAIcAKAMnAQQAKAEnAIcAKAMnAQQAKAEnAIcAKAMnAQQAKAEnAIcAKAMnAQQAKAEnAIcAKAMnAQQAKAEn3TfLNnN0YXRldmVyc2lvbmRvY3VtZW50ZGF0ZWRvY3VtZW50c2x1Z2RvY3VtZW50c3RhdHVzZG9jdW1lbnR0aXRsZVdvcmQgbGlkZG9jdW1lbnRjb250ZW50PCEtLSB3cDpwYXJhZ3JhcGggLS0+CjxwIGlkPSJpc1Bhc3RlZCI+QmVzdGUgY29sbGVnYSw8L3A+CjwhLS0gL3dwOnBhcmFncmFwaCAtLT4KCjwhLS0gd3A6cGFyYWdyYXBoIC0tPgo8cD5GRURBQyBrb210IHVpdCBkZSBzdGFydGJsb2trZW4hIFNhbWVuIGJvdXdlbiB3ZSBhYW4gZWVuIGNvw7ZwZXJhdGlldmUgZGllIGhldCB2cmlqZSBiZXJvZXAgdmFuIGRlIGh1aXNhcnRzIGJlc2NoZXJtdCBlbiB2ZXJzdGVya3QuIE1ldCB1dyZuYnNwOzxzdHJvbmc+ZW5nYWdlbWVudCZuYnNwOzwvc3Ryb25nPm1hYWt0IHUgZGVlbCB1aXQgdmFuIGVlbiBvbmFmaGFua2VsaWprIGluaXRpYXRpZWYgZGF0IGRlIHN0ZW0gdmFuIGRlIGh1aXNhcnRzIHdlZXIgY2VudHJhYWwgcGxhYXRzdC4gRkVEQUMgemFsIGFjdGllZiB6b2VrZW4gbmFhciZuYnNwOzxzdHJvbmc+bWlkZGVsZW4gb20gZGUgcHJha3RpamsgdmFuIGVsa2UgYXJ0cyB0ZSBvbmRlcnN0ZXVuZW48L3N0cm9uZz4uIFpvIGhlbHB0IEZFREFDIGFhbiBoZXQgdm9vcmtvbWVuIHZhbiB2ZXJkZXJlIHVpdGhvbGxpbmcgZW4gb3ZlcmhldmVsaW5nIHZhbiBvbnplIGtlcm50YWtlbiBuYWFyIGFuZGVyZSB6b3JnYmVyb2VwZW4uJm5ic3A7PC9wPgo8IS0tIC93cDpwYXJhZ3JhcGggLS0+Cgo8IS0tIHdwOnBhcmFncmFwaCAtLT4KPHA+Wm9hbHMgZ2V2cmFhZ2QgZG9vciBvbnplIGNvw7ZwZXJhbnRlbiB6b2VrZW4gd2UmbmJzcDs8c3Ryb25nPm9wbG9zc2luZ2VuPC9zdHJvbmc+Jm5ic3A7em9hbHMgZWVuIGVpZ2VuIEVNRCwgdmVycGxlZWdrdW5kaWdlIG9uZGVyc3RldW5pbmcsIGh1bHAgYmlqIGJsb2VkYWZuYW1lcywgdmVyd2Vya2VuIHZhbiBnZXdlaWdlcmRlIGZhY3R1cmVuLCBpbnRyb2R1Y3RpZSB2YW4gdHJhbnNwYXJhbnRpZWNvZGVzIGluIGRlIHByYWt0aWprIGVuIHpvZWtlbiBuYWFyIGJpamtvbWVuZGUgc3Vic2lkaWVzLjwvcD4KPCEtLSAvd3A6cGFyYWdyYXBoIC0tPgoKPCEtLSB3cDpwYXJhZ3JhcGggLS0+CjxwPjxlbT48c3Ryb25nPldpbCB1IGdyYWFnIGxpZCB3b3JkZW4\/PC9zdHJvbmc+PC9lbT4gTGFhdCBkYW4gdXcgZ2VnZXZlbnMgYWNodGVyIHZpYSB2b2xnZW5kZSBsaW5rOiA8YSBocmVmPSJodHRwczovL2Zvcm1zLm9mZmljZS5jb20vZS8zaENEWTh2Y1NaIj48c3Ryb25nPldvcmQgY2\/DtnBlcmFudCB2YW4gRkVEQUMgLSBGb3JtdWxpZXIgaW52dWxsZW48L3N0cm9uZz48L2E+IGVuIGJyZW5nIHZlcnZvbGdlbnMgZGUgYmV0YWxpbmcgdmFuIHV3IGFhbmRlZWwgaW4gb3JkZSBvbSB1dyBsaWRtYWF0c2NoYXAgdGUgYmV2ZXN0aWdlbjogbWFhayA8c3Ryb25nPjI1MOKCrDwvc3Ryb25nPiAod2FhcmRlIDEgYWFuZGVlbCkgb3ZlciBuYWFyIDxzdHJvbmc+QkU1MyAwNjg5IDU3OTUgNTI1Mzwvc3Ryb25nPiBtZXQgYWxzIG1lZGVkZWxpbmcgPHN0cm9uZz4iQWFuZGVlbCBGRURBQy9DT0ZFTSArIHV3IG5hYW0iPC9zdHJvbmc+LiBIaWVybmEgYmVudCB1IG9mZmljaWVlbCBsaWQgdmFuIGRlIEZlZGVyYWxlIEFydHNlbiBDb8O2cGVyYXRpZXZlLjwvcD4KPCEtLSAvd3A6cGFyYWdyYXBoIC0tPgoKPCEtLSB3cDpwYXJhZ3JhcGggLS0+CjxwPlNhbWVuIHN0YWFuIHdlIHN0ZXJrZXIuIFNsdWl0IHUgYWFuIGJpaiBGRURBQyBlbiBib3V3IG1lZSBhYW4gZGUgb25hZmhhbmtlbGlqa2hlaWQgZW4gZGUgYmxpanZlbmQgY2VudHJhbGUgcG9zaXRpZSBpbiBkZSB6b3JnIHZhbiBvbnMgYWxzJm5ic3A7YXJ0cy48L3A+CjwhLS0gL3dwOnBhcmFncmFwaCAtLT4KCjwhLS0gd3A6cGFyYWdyYXBoIC0tPgo8cD48c3Ryb25nPkZBUTwvc3Ryb25nPjwvcD4KPCEtLSAvd3A6cGFyYWdyYXBoIC0tPgoKPCEtLSB3cDpwYXJhZ3JhcGggLS0+CjxwPjxzdHJvbmc+S3JpamcgaWsgZWVuIGZhY3R1dXIgd2FubmVlciBpayBlZW4gYWFuZGVlbCBhYW5rb29wPzwvc3Ryb25nPjxicj5OZWUuIEJpaiBkZSBhYW5rb29wIHZhbiBlZW4gYWFuZGVlbCBvbnR2YW5nIGplJm5ic3A7PHN0cm9uZz5nZWVuIGZhY3R1dXI8L3N0cm9uZz4uIEVlbiBhYW5kZWVsIGlzIGdlZW4gZGllbnN0IG9mIHByb2R1Y3QsIG1hYXIgZWVuJm5ic3A7PHN0cm9uZz5rYXBpdGFhbGluYnJlbmc8L3N0cm9uZz4mbmJzcDtpbiBlZW4gY2\/DtnBlcmF0aWV2ZSB2ZW5ub290c2NoYXAuJm5ic3A7PC9wPgo8IS0tIC93cDpwYXJhZ3JhcGggLS0+Cgo8IS0tIHdwOnBhcmFncmFwaCAtLT4KPHA+PHN0cm9uZz5XYWFyb20gaXMgZXIgZ2VlbiBmYWN0dXVyPzwvc3Ryb25nPjxicj5GYWN0dXJlbiB3b3JkZW4gb3BnZW1hYWt0IHZvb3IgZ29lZGVyZW4gb2YgZGllbnN0ZW4uPGJyPkVlbiBhYW5kZWVsIHZlcnRlZ2Vud29vcmRpZ3QgZWVuJm5ic3A7PHN0cm9uZz5laWdlbmRvbXN0aXRlbDwvc3Ryb25nPiZuYnNwO2luIEZFREFDIGVuIHZhbHQganVyaWRpc2NoIGVuIGJvZWtob3Vka3VuZGlnIG5pZXQgb25kZXIgZmFjdHVyYXRpZS4gV2FubmVlciB1IHV3Jm5ic3A7PHN0cm9uZz5hYW5kZWVsIHZlcmtvb3B0PC9zdHJvbmc+LCBvbnR2YW5ndCB1IGRlJm5ic3A7PHN0cm9uZz5pbmxlZyBlbiBkZSBtZWVyd2FhcmRlPC9zdHJvbmc+Jm5ic3A7dGVydWcuPC9wPgo8IS0tIC93cDpwYXJhZ3JhcGggLS0+Cgo8IS0tIHdwOnBhcmFncmFwaCAtLT4KPHA+PHN0cm9uZz5XYXQga3JpamcgaWsgZGFuIHdlbCBhbHMgYmV3aWpzPzwvc3Ryb25nPjxicj5JbiBqYW51YXJpIHphbCB1IGVlbiBhdHRlc3Qgb2YgZWVuIHVpdHRyZWtzZWwgdmFuIGVTdG94IChvbmxpbmUgYWFuZGVsZW5yZWdpc3Rlcikga3Jpamdlbi4gRGl0IHdvcmR0IG1vbWVudGVlbCBub2cgYmVrZWtlbi4mbmJzcDtEaXQgaXMgaGV0IG9mZmljacOrbGUgYmV3aWpzIHZhbiB1dyBhYW5kZWVsaG91ZGVyc2NoYXAuPC9wPgo8IS0tIC93cDpwYXJhZ3JhcGggLS0+Cgo8IS0tIHdwOnBhcmFncmFwaCAtLT4KPHA+PHN0cm9uZz5LYW4gaWsgZGUgYWFua29vcCBmaXNjYWFsIGluYnJlbmdlbj88L3N0cm9uZz48YnI+RGUgYWFua29vcCB2YW4gZWVuIGFhbmRlZWwgaXMmbmJzcDs8c3Ryb25nPmdlZW4gYmVyb2Vwc2tvc3Q8L3N0cm9uZz4mbmJzcDtlbiBpcyBkdXMgbmlldCBmaXNjYWFsIGFmdHJla2JhYXIuIEhldCBnYWF0IG9tIGVlbiBpbnZlc3RlcmluZywgZ2VlbiB1aXRnYXZlLjwvcD4KPCEtLSAvd3A6cGFyYWdyYXBoIC0tPmRvY3VtZW50ZXhjZXJwdGRvY3VtZW50YXV0aG9yZG9jdW1lbnRmZWF0dXJlZF9tZWRpYWRvY3VtZW50Y29tbWVudF9zdGF0dXNkb2N1bWVudHBpbmdfc3RhdHVzZG9jdW1lbnR0ZW1wbGF0ZWRvY3VtZW50bWV0YWFkdmFuY2VkX3Nlb19kZXNjcmlwdGlvbmpldHBhY2tfc2VvX2h0bWxfdGl0bGVqZXRwYWNrX3Nlb19ub2luZGV4amV0cGFja19wb3N0X3dhc19ldmVyX3B1Ymxpc2hlZGZvb3Rub3Rlc2RvY3VtZW50YmxvY2tzY2xpZW50SWRpc1ZhbGlkb3JpZ2luYWxDb250ZW50bmFtZWF0dHJpYnV0ZXNjb250ZW50QmVzdGUgY29sbGVnYSxkcm9wQ2FwVHJwQ29udGVudFJlc3RyaWN0aW9uYW5jaG9yaW5uZXJCbG9ja3NjbGllbnRJZGlzVmFsaWRvcmlnaW5hbENvbnRlbnRuYW1lYXR0cmlidXRlc2NvbnRlbnRGRURBQyBrb210IHVpdCBkZSBzdGFydGJsb2trZW4hIFNhbWVuIGJvdXdlbiB3ZSBhYW4gZWVuIGNvw7ZwZXJhdGlldmUgZGllIGhldCB2cmlqZSBiZXJvZXAgdmFuIGRlIGh1aXNhcnRzIGJlc2NoZXJtdCBlbiB2ZXJzdGVya3QuIE1ldCB1dyZuYnNwOzxzdHJvbmc+ZW5nYWdlbWVudCZuYnNwOzwvc3Ryb25nPm1hYWt0IHUgZGVlbCB1aXQgdmFuIGVlbiBvbmFmaGFua2VsaWprIGluaXRpYXRpZWYgZGF0IGRlIHN0ZW0gdmFuIGRlIGh1aXNhcnRzIHdlZXIgY2VudHJhYWwgcGxhYXRzdC4gRkVEQUMgemFsIGFjdGllZiB6b2VrZW4gbmFhciZuYnNwOzxzdHJvbmc+bWlkZGVsZW4gb20gZGUgcHJha3RpamsgdmFuIGVsa2UgYXJ0cyB0ZSBvbmRlcnN0ZXVuZW48L3N0cm9uZz4uIFpvIGhlbHB0IEZFREFDIGFhbiBoZXQgdm9vcmtvbWVuIHZhbiB2ZXJkZXJlIHVpdGhvbGxpbmcgZW4gb3ZlcmhldmVsaW5nIHZhbiBvbnplIGtlcm50YWtlbiBuYWFyIGFuZGVyZSB6b3JnYmVyb2VwZW4uJm5ic3A7ZHJvcENhcFRycENvbnRlbnRSZXN0cmljdGlvbmlubmVyQmxvY2tzY2xpZW50SWRpc1ZhbGlkb3JpZ2luYWxDb250ZW50bmFtZWF0dHJpYnV0ZXNjb250ZW50Wm9hbHMgZ2V2cmFhZ2QgZG9vciBvbnplIGNvw7ZwZXJhbnRlbiB6b2VrZW4gd2UmbmJzcDs8c3Ryb25nPm9wbG9zc2luZ2VuPC9zdHJvbmc+Jm5ic3A7em9hbHMgZWVuIGVpZ2VuIEVNRCwgdmVycGxlZWdrdW5kaWdlIG9uZGVyc3RldW5pbmcsIGh1bHAgYmlqIGJsb2VkYWZuYW1lcywgdmVyd2Vya2VuIHZhbiBnZXdlaWdlcmRlIGZhY3R1cmVuLCBpbnRyb2R1Y3RpZSB2YW4gdHJhbnNwYXJhbnRpZWNvZGVzIGluIGRlIHByYWt0aWprIGVuIHpvZWtlbiBuYWFyIGJpamtvbWVuZGUgc3Vic2lkaWVzLmRyb3BDYXBUcnBDb250ZW50UmVzdHJpY3Rpb25pbm5lckJsb2Nrc2NsaWVudElkaXNWYWxpZG9yaWdpbmFsQ29udGVudG5hbWVhdHRyaWJ1dGVzY29udGVudDxlbT48c3Ryb25nPldpbCB1IGdyYWFnIGxpZCB3b3JkZW4\/PC9zdHJvbmc+PC9lbT4gTGFhdCBkYW4gdXcgZ2VnZXZlbnMgYWNodGVyIHZpYSB2b2xnZW5kZSBsaW5rOiA8YSBocmVmPSJodHRwczovL2Zvcm1zLm9mZmljZS5jb20vZS8zaENEWTh2Y1NaIj48c3Ryb25nPldvcmQgY2\/DtnBlcmFudCB2YW4gRkVEQUMgLSBGb3JtdWxpZXIgaW52dWxsZW48L3N0cm9uZz48L2E+IGVuIGJyZW5nIHZlcnZvbGdlbnMgZGUgYmV0YWxpbmcgdmFuIHV3IGFhbmRlZWwgaW4gb3JkZSBvbSB1dyBsaWRtYWF0c2NoYXAgdGUgYmV2ZXN0aWdlbjogbWFhayA8c3Ryb25nPjI1MOKCrDwvc3Ryb25nPiAod2FhcmRlIDEgYWFuZGVlbCkgb3ZlciBuYWFyIDxzdHJvbmc+QkU1MyAwNjg5IDU3OTUgNTI1Mzwvc3Ryb25nPiBtZXQgYWxzIG1lZGVkZWxpbmcgPHN0cm9uZz4iQWFuZGVlbCBGRURBQy9DT0ZFTSArIHV3IG5hYW0iPC9zdHJvbmc+LiBIaWVybmEgYmVudCB1IG9mZmljaWVlbCBsaWQgdmFuIGRlIEZlZGVyYWxlIEFydHNlbiBDb8O2cGVyYXRpZXZlLmRyb3BDYXBUcnBDb250ZW50UmVzdHJpY3Rpb25pbm5lckJsb2Nrc2NsaWVudElkaXNWYWxpZG9yaWdpbmFsQ29udGVudG5hbWVhdHRyaWJ1dGVzY29udGVudFNhbWVuIHN0YWFuIHdlIHN0ZXJrZXIuIFNsdWl0IHUgYWFuIGJpaiBGRURBQyBlbiBib3V3IG1lZSBhYW4gZGUgb25hZmhhbmtlbGlqa2hlaWQgZW4gZGUgYmxpanZlbmQgY2VudHJhbGUgcG9zaXRpZSBpbiBkZSB6b3JnIHZhbiBvbnMgYWxzJm5ic3A7YXJ0cy5kcm9wQ2FwVHJwQ29udGVudFJlc3RyaWN0aW9uaW5uZXJCbG9ja3NjbGllbnRJZGlzVmFsaWRvcmlnaW5hbENvbnRlbnRuYW1lYXR0cmlidXRlc2NvbnRlbnQ8c3Ryb25nPkZBUTwvc3Ryb25nPmRyb3BDYXBUcnBDb250ZW50UmVzdHJpY3Rpb25pbm5lckJsb2Nrc2NsaWVudElkaXNWYWxpZG9yaWdpbmFsQ29udGVudG5hbWVhdHRyaWJ1dGVzY29udGVudDxzdHJvbmc+S3JpamcgaWsgZWVuIGZhY3R1dXIgd2FubmVlciBpayBlZW4gYWFuZGVlbCBhYW5rb29wPzwvc3Ryb25nPjxicj5OZWUuIEJpaiBkZSBhYW5rb29wIHZhbiBlZW4gYWFuZGVlbCBvbnR2YW5nIGplJm5ic3A7PHN0cm9uZz5nZWVuIGZhY3R1dXI8L3N0cm9uZz4uIEVlbiBhYW5kZWVsIGlzIGdlZW4gZGllbnN0IG9mIHByb2R1Y3QsIG1hYXIgZWVuJm5ic3A7PHN0cm9uZz5rYXBpdGFhbGluYnJlbmc8L3N0cm9uZz4mbmJzcDtpbiBlZW4gY2\/DtnBlcmF0aWV2ZSB2ZW5ub290c2NoYXAuJm5ic3A7ZHJvcENhcFRycENvbnRlbnRSZXN0cmljdGlvbmlubmVyQmxvY2tzY2xpZW50SWRpc1ZhbGlkb3JpZ2luYWxDb250ZW50bmFtZWF0dHJpYnV0ZXNjb250ZW50PHN0cm9uZz5XYWFyb20gaXMgZXIgZ2VlbiBmYWN0dXVyPzwvc3Ryb25nPjxicj5GYWN0dXJlbiB3b3JkZW4gb3BnZW1hYWt0IHZvb3IgZ29lZGVyZW4gb2YgZGllbnN0ZW4uPGJyPkVlbiBhYW5kZWVsIHZlcnRlZ2Vud29vcmRpZ3QgZWVuJm5ic3A7PHN0cm9uZz5laWdlbmRvbXN0aXRlbDwvc3Ryb25nPiZuYnNwO2luIEZFREFDIGVuIHZhbHQganVyaWRpc2NoIGVuIGJvZWtob3Vka3VuZGlnIG5pZXQgb25kZXIgZmFjdHVyYXRpZS4gV2FubmVlciB1IHV3Jm5ic3A7PHN0cm9uZz5hYW5kZWVsIHZlcmtvb3B0PC9zdHJvbmc+LCBvbnR2YW5ndCB1IGRlJm5ic3A7PHN0cm9uZz5pbmxlZyBlbiBkZSBtZWVyd2FhcmRlPC9zdHJvbmc+Jm5ic3A7dGVydWcuZHJvcENhcFRycENvbnRlbnRSZXN0cmljdGlvbmlubmVyQmxvY2tzY2xpZW50SWRpc1ZhbGlkb3JpZ2luYWxDb250ZW50bmFtZWF0dHJpYnV0ZXNjb250ZW50PHN0cm9uZz5XYXQga3JpamcgaWsgZGFuIHdlbCBhbHMgYmV3aWpzPzwvc3Ryb25nPjxicj5JbiBqYW51YXJpIHphbCB1IGVlbiBhdHRlc3Qgb2YgZWVuIHVpdHRyZWtzZWwgdmFuIGVTdG94IChvbmxpbmUgYWFuZGVsZW5yZWdpc3Rlcikga3Jpamdlbi4gRGl0IHdvcmR0IG1vbWVudGVlbCBub2cgYmVrZWtlbi4mbmJzcDtEaXQgaXMgaGV0IG9mZmljacOrbGUgYmV3aWpzIHZhbiB1dyBhYW5kZWVsaG91ZGVyc2NoYXAuZHJvcENhcFRycENvbnRlbnRSZXN0cmljdGlvbmlubmVyQmxvY2tzY2xpZW50SWRpc1ZhbGlkb3JpZ2luYWxDb250ZW50bmFtZWF0dHJpYnV0ZXNjb250ZW50PHN0cm9uZz5LYW4gaWsgZGUgYWFua29vcCBmaXNjYWFsIGluYnJlbmdlbj88L3N0cm9uZz48YnI+RGUgYWFua29vcCB2YW4gZWVuIGFhbmRlZWwgaXMmbmJzcDs8c3Ryb25nPmdlZW4gYmVyb2Vwc2tvc3Q8L3N0cm9uZz4mbmJzcDtlbiBpcyBkdXMgbmlldCBmaXNjYWFsIGFmdHJla2JhYXIuIEhldCBnYWF0IG9tIGVlbiBpbnZlc3RlcmluZywgZ2VlbiB1aXRnYXZlLmRyb3BDYXBUcnBDb250ZW50UmVzdHJpY3Rpb25pbm5lckJsb2NrcwUHCAQIBAgGCAVIAAeKMQgHCAYIDggOCAtIAQQYFhMfCQgGCAcPBAoHDgcVBgsIBw8ECge4BwcVCwgHDwQKB5oEBxULCAcPBAoHjwgHFQsIBw8ECgeUAgcVCwgHDwQKBxQHFQsIBw8ECgeeBAcVCwgHDwQKB7EFBxULCAcPBAoHrAMHFQsIBw8ECgeQAwcVCw8BBAAAAQAAAAEGAAQBAAAsQgEBAEEAAgBBAAIAQQACAEEAAgBBAAIAQQACAEEAAgBBAAIAQQACAEEAAgACQUkBhAEAfQF3EzIwMjUtMDktMDVUMDk6NTQ6MDV3CHdvcmQtbGlkdwdwdWJsaXNofaPK9ewBfQB3BmNsb3NlZHcGY2xvc2VkdwB3AHcAeXl3AHckYWQ4ZGEzZTgtMjFjZi00MWI1LWIwMDctMDM4NGM0YTQ5MGI5eHcjPHAgaWQ9ImlzUGFzdGVkIj5CZXN0ZSBjb2xsZWdhLDwvcD53DmNvcmUvcGFyYWdyYXBoeXYDEHJlc3RyaWN0aW9uX3R5cGV3B2V4Y2x1ZGUSc2VsZWN0ZWRfbGFuZ3VhZ2VzdQAKcGFuZWxfb3Blbnh3CGlzUGFzdGVkdyRiOTgzOTY0ZC1mYTZmLTQ0OTEtYjA3Ni0wMzFkYmFkYmIyZDl4d4AEPHA+RkVEQUMga29tdCB1aXQgZGUgc3RhcnRibG9ra2VuISBTYW1lbiBib3V3ZW4gd2UgYWFuIGVlbiBjb8O2cGVyYXRpZXZlIGRpZSBoZXQgdnJpamUgYmVyb2VwIHZhbiBkZSBodWlzYXJ0cyBiZXNjaGVybXQgZW4gdmVyc3Rlcmt0LiBNZXQgdXcmbmJzcDs8c3Ryb25nPmVuZ2FnZW1lbnQmbmJzcDs8L3N0cm9uZz5tYWFrdCB1IGRlZWwgdWl0IHZhbiBlZW4gb25hZmhhbmtlbGlqayBpbml0aWF0aWVmIGRhdCBkZSBzdGVtIHZhbiBkZSBodWlzYXJ0cyB3ZWVyIGNlbnRyYWFsIHBsYWF0c3QuIEZFREFDIHphbCBhY3RpZWYgem9la2VuIG5hYXImbmJzcDs8c3Ryb25nPm1pZGRlbGVuIG9tIGRlIHByYWt0aWprIHZhbiBlbGtlIGFydHMgdGUgb25kZXJzdGV1bmVuPC9zdHJvbmc+LiBabyBoZWxwdCBGRURBQyBhYW4gaGV0IHZvb3Jrb21lbiB2YW4gdmVyZGVyZSB1aXRob2xsaW5nIGVuIG92ZXJoZXZlbGluZyB2YW4gb256ZSBrZXJudGFrZW4gbmFhciBhbmRlcmUgem9yZ2Jlcm9lcGVuLiZuYnNwOzwvcD53DmNvcmUvcGFyYWdyYXBoeXYDEHJlc3RyaWN0aW9uX3R5cGV3B2V4Y2x1ZGUSc2VsZWN0ZWRfbGFuZ3VhZ2VzdQAKcGFuZWxfb3Blbnh3JDUxMzYwZDM3LWM5NzctNDljOS1iMjM4LTExOTdlOWI2NTc2Ynh3ogI8cD5ab2FscyBnZXZyYWFnZCBkb29yIG9uemUgY2\/DtnBlcmFudGVuIHpvZWtlbiB3ZSZuYnNwOzxzdHJvbmc+b3Bsb3NzaW5nZW48L3N0cm9uZz4mbmJzcDt6b2FscyBlZW4gZWlnZW4gRU1ELCB2ZXJwbGVlZ2t1bmRpZ2Ugb25kZXJzdGV1bmluZywgaHVscCBiaWogYmxvZWRhZm5hbWVzLCB2ZXJ3ZXJrZW4gdmFuIGdld2VpZ2VyZGUgZmFjdHVyZW4sIGludHJvZHVjdGllIHZhbiB0cmFuc3BhcmFudGllY29kZXMgaW4gZGUgcHJha3RpamsgZW4gem9la2VuIG5hYXIgYmlqa29tZW5kZSBzdWJzaWRpZXMuPC9wPncOY29yZS9wYXJhZ3JhcGh5dgMQcmVzdHJpY3Rpb25fdHlwZXcHZXhjbHVkZRJzZWxlY3RlZF9sYW5ndWFnZXN1AApwYW5lbF9vcGVueHckNGJjNDg2MGItMmRjNi00MTVlLTlhNGQtMTVkNDhkYjhkZDgxeHeaBDxwPjxlbT48c3Ryb25nPldpbCB1IGdyYWFnIGxpZCB3b3JkZW4\/PC9zdHJvbmc+PC9lbT4gTGFhdCBkYW4gdXcgZ2VnZXZlbnMgYWNodGVyIHZpYSB2b2xnZW5kZSBsaW5rOiA8YSBocmVmPSJodHRwczovL2Zvcm1zLm9mZmljZS5jb20vZS8zaENEWTh2Y1NaIj48c3Ryb25nPldvcmQgY2\/DtnBlcmFudCB2YW4gRkVEQUMgLSBGb3JtdWxpZXIgaW52dWxsZW48L3N0cm9uZz48L2E+IGVuIGJyZW5nIHZlcnZvbGdlbnMgZGUgYmV0YWxpbmcgdmFuIHV3IGFhbmRlZWwgaW4gb3JkZSBvbSB1dyBsaWRtYWF0c2NoYXAgdGUgYmV2ZXN0aWdlbjogbWFhayA8c3Ryb25nPjI1MOKCrDwvc3Ryb25nPiAod2FhcmRlIDEgYWFuZGVlbCkgb3ZlciBuYWFyIDxzdHJvbmc+QkU1MyAwNjg5IDU3OTUgNTI1Mzwvc3Ryb25nPiBtZXQgYWxzIG1lZGVkZWxpbmcgPHN0cm9uZz4iQWFuZGVlbCBGRURBQy9DT0ZFTSArIHV3IG5hYW0iPC9zdHJvbmc+LiBIaWVybmEgYmVudCB1IG9mZmljaWVlbCBsaWQgdmFuIGRlIEZlZGVyYWxlIEFydHNlbiBDb8O2cGVyYXRpZXZlLjwvcD53DmNvcmUvcGFyYWdyYXBoeXYDEHJlc3RyaWN0aW9uX3R5cGV3B2V4Y2x1ZGUSc2VsZWN0ZWRfbGFuZ3VhZ2VzdQAKcGFuZWxfb3Blbnh3JDlmZTg0ZTU4LTk3MmItNDFlMC05YzgwLTBhM2FhOTM2ZThjNXh3mwE8cD5TYW1lbiBzdGFhbiB3ZSBzdGVya2VyLiBTbHVpdCB1IGFhbiBiaWogRkVEQUMgZW4gYm91dyBtZWUgYWFuIGRlIG9uYWZoYW5rZWxpamtoZWlkIGVuIGRlIGJsaWp2ZW5kIGNlbnRyYWxlIHBvc2l0aWUgaW4gZGUgem9yZyB2YW4gb25zIGFscyZuYnNwO2FydHMuPC9wPncOY29yZS9wYXJhZ3JhcGh5dgMQcmVzdHJpY3Rpb25fdHlwZXcHZXhjbHVkZRJzZWxlY3RlZF9sYW5ndWFnZXN1AApwYW5lbF9vcGVueHckZTUxZmIxZTItM2ZiNy00NjE2LWJiZDEtZGRmMWUxYWQ5YzdheHcbPHA+PHN0cm9uZz5GQVE8L3N0cm9uZz48L3A+dw5jb3JlL3BhcmFncmFwaHl2AxByZXN0cmljdGlvbl90eXBldwdleGNsdWRlEnNlbGVjdGVkX2xhbmd1YWdlc3UACnBhbmVsX29wZW54dyRmODI0OWU1ZC0yZjhhLTQ4MmQtODA1ZC0wZGY1MGFhOWVmMmJ4d6YCPHA+PHN0cm9uZz5LcmlqZyBpayBlZW4gZmFjdHV1ciB3YW5uZWVyIGlrIGVlbiBhYW5kZWVsIGFhbmtvb3A\/PC9zdHJvbmc+PGJyPk5lZS4gQmlqIGRlIGFhbmtvb3AgdmFuIGVlbiBhYW5kZWVsIG9udHZhbmcgamUmbmJzcDs8c3Ryb25nPmdlZW4gZmFjdHV1cjwvc3Ryb25nPi4gRWVuIGFhbmRlZWwgaXMgZ2VlbiBkaWVuc3Qgb2YgcHJvZHVjdCwgbWFhciBlZW4mbmJzcDs8c3Ryb25nPmthcGl0YWFsaW5icmVuZzwvc3Ryb25nPiZuYnNwO2luIGVlbiBjb8O2cGVyYXRpZXZlIHZlbm5vb3RzY2hhcC4mbmJzcDs8L3A+dw5jb3JlL3BhcmFncmFwaHl2AxByZXN0cmljdGlvbl90eXBldwdleGNsdWRlEnNlbGVjdGVkX2xhbmd1YWdlc3UACnBhbmVsX29wZW54dyQ1ZjFhZjZkZC1lMTYzLTRjMjQtYWUwNC00OTFkYTI2NmU3MWF4d\/gCPHA+PHN0cm9uZz5XYWFyb20gaXMgZXIgZ2VlbiBmYWN0dXVyPzwvc3Ryb25nPjxicj5GYWN0dXJlbiB3b3JkZW4gb3BnZW1hYWt0IHZvb3IgZ29lZGVyZW4gb2YgZGllbnN0ZW4uPGJyPkVlbiBhYW5kZWVsIHZlcnRlZ2Vud29vcmRpZ3QgZWVuJm5ic3A7PHN0cm9uZz5laWdlbmRvbXN0aXRlbDwvc3Ryb25nPiZuYnNwO2luIEZFREFDIGVuIHZhbHQganVyaWRpc2NoIGVuIGJvZWtob3Vka3VuZGlnIG5pZXQgb25kZXIgZmFjdHVyYXRpZS4gV2FubmVlciB1IHV3Jm5ic3A7PHN0cm9uZz5hYW5kZWVsIHZlcmtvb3B0PC9zdHJvbmc+LCBvbnR2YW5ndCB1IGRlJm5ic3A7PHN0cm9uZz5pbmxlZyBlbiBkZSBtZWVyd2FhcmRlPC9zdHJvbmc+Jm5ic3A7dGVydWcuPC9wPncOY29yZS9wYXJhZ3JhcGh5dgMQcmVzdHJpY3Rpb25fdHlwZXcHZXhjbHVkZRJzZWxlY3RlZF9sYW5ndWFnZXN1AApwYW5lbF9vcGVueHckYTdmNjczZTYtYzU5Zi00YmEwLWEwZDQtYTc0NmYzMzEyYzUweHf0ATxwPjxzdHJvbmc+V2F0IGtyaWpnIGlrIGRhbiB3ZWwgYWxzIGJld2lqcz88L3N0cm9uZz48YnI+SW4gamFudWFyaSB6YWwgdSBlZW4gYXR0ZXN0IG9mIGVlbiB1aXR0cmVrc2VsIHZhbiBlU3RveCAob25saW5lIGFhbmRlbGVucmVnaXN0ZXIpIGtyaWpnZW4uIERpdCB3b3JkdCBtb21lbnRlZWwgbm9nIGJla2VrZW4uJm5ic3A7RGl0IGlzIGhldCBvZmZpY2nDq2xlIGJld2lqcyB2YW4gdXcgYWFuZGVlbGhvdWRlcnNjaGFwLjwvcD53DmNvcmUvcGFyYWdyYXBoeXYDEHJlc3RyaWN0aW9uX3R5cGV3B2V4Y2x1ZGUSc2VsZWN0ZWRfbGFuZ3VhZ2VzdQAKcGFuZWxfb3Blbnh3JDkxYTM2OTAzLTkzYTEtNDYzOS1iMDZhLTQ1ZGUwOTgwY2IyOHh31wE8cD48c3Ryb25nPkthbiBpayBkZSBhYW5rb29wIGZpc2NhYWwgaW5icmVuZ2VuPzwvc3Ryb25nPjxicj5EZSBhYW5rb29wIHZhbiBlZW4gYWFuZGVlbCBpcyZuYnNwOzxzdHJvbmc+Z2VlbiBiZXJvZXBza29zdDwvc3Ryb25nPiZuYnNwO2VuIGlzIGR1cyBuaWV0IGZpc2NhYWwgYWZ0cmVrYmFhci4gSGV0IGdhYXQgb20gZWVuIGludmVzdGVyaW5nLCBnZWVuIHVpdGdhdmUuPC9wPncOY29yZS9wYXJhZ3JhcGh5dgMQcmVzdHJpY3Rpb25fdHlwZXcHZXhjbHVkZRJzZWxlY3RlZF9sYW5ndWFnZXN1AApwYW5lbF9vcGVueAA=\",\"updateId\":53568782}","advanced_seo_description":"","jetpack_seo_html_title":"","jetpack_seo_noindex":false,"footnotes":""},"class_list":["post-139","page","type-page","status-publish","hentry"],"jetpack_likes_enabled":true,"jetpack_sharing_enabled":true,"jetpack_shortlink":"https:\/\/wp.me\/PgxVwl-2f","jetpack-related-posts":[],"_links":{"self":[{"href":"https:\/\/fed-ac.com\/fr\/wp-json\/wp\/v2\/pages\/139","targetHints":{"allow":["GET"]}}],"collection":[{"href":"https:\/\/fed-ac.com\/fr\/wp-json\/wp\/v2\/pages"}],"about":[{"href":"https:\/\/fed-ac.com\/fr\/wp-json\/wp\/v2\/types\/page"}],"author":[{"embeddable":true,"href":"https:\/\/fed-ac.com\/fr\/wp-json\/wp\/v2\/users\/248427171"}],"replies":[{"embeddable":true,"href":"https:\/\/fed-ac.com\/fr\/wp-json\/wp\/v2\/comments?post=139"}],"version-history":[{"count":9,"href":"https:\/\/fed-ac.com\/fr\/wp-json\/wp\/v2\/pages\/139\/revisions"}],"predecessor-version":[{"id":322,"href":"https:\/\/fed-ac.com\/fr\/wp-json\/wp\/v2\/pages\/139\/revisions\/322"}],"wp:attachment":[{"href":"https:\/\/fed-ac.com\/fr\/wp-json\/wp\/v2\/media?parent=139"}],"curies":[{"name":"wp","href":"https:\/\/api.w.org\/{rel}","templated":true}]}}